{"id":28758,"date":"2025-07-21T16:42:26","date_gmt":"2025-07-21T14:42:26","guid":{"rendered":"https:\/\/afocg01.fr\/?page_id=28758"},"modified":"2025-07-21T16:46:20","modified_gmt":"2025-07-21T14:46:20","slug":"elementor-28758","status":"publish","type":"page","link":"https:\/\/afocg01.fr\/index.php\/elementor-28758\/","title":{"rendered":"Mentions l\u00e9gales"},"content":{"rendered":"\t\t<div data-elementor-type=\"wp-page\" data-elementor-id=\"28758\" class=\"elementor elementor-28758\">\n\t\t\t\t<div class=\"elementor-element elementor-element-f18d0b5 e-flex e-con-boxed wpr-particle-no wpr-jarallax-no wpr-parallax-no wpr-sticky-section-no e-con e-parent\" data-id=\"f18d0b5\" data-element_type=\"container\">\n\t\t\t\t\t<div class=\"e-con-inner\">\n\t\t\t\t<div class=\"elementor-element elementor-element-03278d9 elementor-widget elementor-widget-text-editor\" data-id=\"03278d9\" data-element_type=\"widget\" data-widget_type=\"text-editor.default\">\n\t\t\t\t<div class=\"elementor-widget-container\">\n\t\t\t<style>\/*! elementor - v3.21.0 - 24-04-2024 *\/\n.elementor-widget-text-editor.elementor-drop-cap-view-stacked .elementor-drop-cap{background-color:#69727d;color:#fff}.elementor-widget-text-editor.elementor-drop-cap-view-framed .elementor-drop-cap{color:#69727d;border:3px solid;background-color:transparent}.elementor-widget-text-editor:not(.elementor-drop-cap-view-default) .elementor-drop-cap{margin-top:8px}.elementor-widget-text-editor:not(.elementor-drop-cap-view-default) .elementor-drop-cap-letter{width:1em;height:1em}.elementor-widget-text-editor .elementor-drop-cap{float:left;text-align:center;line-height:1;font-size:50px}.elementor-widget-text-editor .elementor-drop-cap-letter{display:inline-block}<\/style>\t\t\t\t<p style=\"box-sizing: inherit; margin-bottom: 1em; font-style: normal; font-variant-numeric: inherit; font-variant-east-asian: inherit; font-variant-alternates: inherit; font-variant-position: inherit; font-variant-emoji: inherit; font-stretch: inherit; font-size: 18px; line-height: inherit; font-family: Calibri, Arian, sans-serif; font-optical-sizing: inherit; font-size-adjust: inherit; font-kerning: inherit; font-feature-settings: inherit; font-variation-settings: inherit; color: rgb(63, 63, 63);\"><span style=\"font-weight: 400;\">L\u2019<\/span><b>AFOCG 01<\/b>&nbsp;(Association de FOrmation Collective \u00e0 la Gestion) est une association loi 1901 dont le si\u00e8ge est situ\u00e9 au 616 A Route de Marboz 01440 VIRIAT.<\/p><p style=\"box-sizing: inherit; margin-bottom: 1em; font-style: normal; font-variant-numeric: inherit; font-variant-east-asian: inherit; font-variant-alternates: inherit; font-variant-position: inherit; font-variant-emoji: inherit; font-weight: 400; font-stretch: inherit; font-size: 18px; line-height: inherit; font-family: Calibri, Arian, sans-serif; font-optical-sizing: inherit; font-size-adjust: inherit; font-kerning: inherit; font-feature-settings: inherit; font-variation-settings: inherit; color: rgb(63, 63, 63);\">Num\u00e9ro de SIRET: 348 548 140 000 30<\/p><p style=\"box-sizing: inherit; margin-bottom: 1em; font-style: normal; font-variant-numeric: inherit; font-variant-east-asian: inherit; font-variant-alternates: inherit; font-variant-position: inherit; font-variant-emoji: inherit; font-weight: 400; font-stretch: inherit; font-size: 18px; line-height: inherit; font-family: Calibri, Arian, sans-serif; font-optical-sizing: inherit; font-size-adjust: inherit; font-kerning: inherit; font-feature-settings: inherit; font-variation-settings: inherit; color: rgb(63, 63, 63);\">Responsable de la publication: Pr\u00e9sidente de l\u2019association, Madame Fanny Petitjean<\/p><p style=\"box-sizing: inherit; margin-bottom: 1em; font-style: normal; font-variant-numeric: inherit; font-variant-east-asian: inherit; font-variant-alternates: inherit; font-variant-position: inherit; font-variant-emoji: inherit; font-weight: 400; font-stretch: inherit; font-size: 18px; line-height: inherit; font-family: Calibri, Arian, sans-serif; font-optical-sizing: inherit; font-size-adjust: inherit; font-kerning: inherit; font-feature-settings: inherit; font-variation-settings: inherit; color: rgb(63, 63, 63);\">Contact:&nbsp;<strong style=\"box-sizing: inherit; margin: 0px; padding: 0px; border: 0px; font-style: inherit; font-variant: inherit; font-weight: bold; font-stretch: inherit; font-size: inherit; line-height: inherit; font-family: inherit; font-optical-sizing: inherit; font-size-adjust: inherit; font-kerning: inherit; font-feature-settings: inherit; font-variation-settings: inherit;\">afocg01@interafocg.org<\/strong><\/p><p style=\"box-sizing: inherit; margin-bottom: 1em; font-style: normal; font-variant-numeric: inherit; font-variant-east-asian: inherit; font-variant-alternates: inherit; font-variant-position: inherit; font-variant-emoji: inherit; font-weight: 400; font-stretch: inherit; font-size: 18px; line-height: inherit; font-family: Calibri, Arian, sans-serif; font-optical-sizing: inherit; font-size-adjust: inherit; font-kerning: inherit; font-feature-settings: inherit; font-variation-settings: inherit; color: rgb(63, 63, 63);\">04 74 22 69 04<\/p><p style=\"box-sizing: inherit; margin-bottom: 1em; font-style: normal; font-variant-numeric: inherit; font-variant-east-asian: inherit; font-variant-alternates: inherit; font-variant-position: inherit; font-variant-emoji: inherit; font-weight: 400; font-stretch: inherit; font-size: 18px; line-height: inherit; font-family: Calibri, Arian, sans-serif; font-optical-sizing: inherit; font-size-adjust: inherit; font-kerning: inherit; font-feature-settings: inherit; font-variation-settings: inherit; color: rgb(63, 63, 63);\">H\u00e9bergeur:&nbsp;<a href=\"https:\/\/www.ovh.com\/fr\/\" target=\"_blank\" rel=\"noreferrer noopener\" style=\"box-sizing: inherit; margin: 0px; padding: 0px; border: 0px; font: inherit; color: rgb(243, 146, 0); text-decoration-line: underline; transition-timing-function: ease-out; transition-property: all;\"><strong style=\"box-sizing: inherit; margin: 0px; padding: 0px; border: 0px; font-style: inherit; font-variant: inherit; font-weight: bold; font-stretch: inherit; font-size: inherit; line-height: inherit; font-family: inherit; font-optical-sizing: inherit; font-size-adjust: inherit; font-kerning: inherit; font-feature-settings: inherit; font-variation-settings: inherit;\">OVH<\/strong><\/a>&nbsp;\u2013 2 Rue Kellermann, 59100 Roubaix \u2013 France<\/p>\t\t\t\t\t\t<\/div>\n\t\t\t\t<\/div>\n\t\t\t\t\t<\/div>\n\t\t\t\t<\/div>\n\t\t\t\t<\/div>\n\t\t","protected":false},"excerpt":{"rendered":"<p>L\u2019AFOCG 01&nbsp;(Association de FOrmation Collective \u00e0 la Gestion) est une association loi 1901 dont le si\u00e8ge est situ\u00e9 au 616 A Route de Marboz 01440 VIRIAT. Num\u00e9ro de SIRET: 348 548 140 000 30 Responsable de la publication: Pr\u00e9sidente de l\u2019association, Madame Fanny Petitjean Contact:&nbsp;afocg01@interafocg.org 04 74 22 69 04 H\u00e9bergeur:&nbsp;OVH&nbsp;\u2013 2 Rue Kellermann, 59100 &hellip;<\/p>\n<p class=\"read-more\"> <a class=\"\" href=\"https:\/\/afocg01.fr\/index.php\/elementor-28758\/\"> <span class=\"screen-reader-text\">Mentions l\u00e9gales<\/span> Lire la suite\u00a0\u00bb<\/a><\/p>\n","protected":false},"author":1,"featured_media":0,"parent":0,"menu_order":0,"comment_status":"closed","ping_status":"closed","template":"","meta":{"_bbp_topic_count":0,"_bbp_reply_count":0,"_bbp_total_topic_count":0,"_bbp_total_reply_count":0,"_bbp_voice_count":0,"_bbp_anonymous_reply_count":0,"_bbp_topic_count_hidden":0,"_bbp_reply_count_hidden":0,"_bbp_forum_subforum_count":0,"_uag_custom_page_level_css":"","site-sidebar-layout":"no-sidebar","site-content-layout":"page-builder","ast-global-header-display":"","ast-main-header-display":"","ast-hfb-above-header-display":"","ast-hfb-below-header-display":"","ast-hfb-mobile-header-display":"","site-post-title":"disabled","ast-breadcrumbs-content":"","ast-featured-img":"disabled","footer-sml-layout":"","theme-transparent-header-meta":"","adv-header-id-meta":"","stick-header-meta":"","header-above-stick-meta":"","header-main-stick-meta":"","header-below-stick-meta":"","footnotes":""},"class_list":["post-28758","page","type-page","status-publish","hentry"],"uagb_featured_image_src":{"full":false,"thumbnail":false,"medium":false,"medium_large":false,"large":false,"1536x1536":false,"2048x2048":false},"uagb_author_info":{"display_name":"AFOCG 01","author_link":"https:\/\/afocg01.fr\/index.php\/author\/admin3304\/"},"uagb_comment_info":0,"uagb_excerpt":"L\u2019AFOCG 01&nbsp;(Association de FOrmation Collective \u00e0 la Gestion) est une association loi 1901 dont le si\u00e8ge est situ\u00e9 au 616 A Route de Marboz 01440 VIRIAT. Num\u00e9ro de SIRET: 348 548 140 000 30 Responsable de la publication: Pr\u00e9sidente de l\u2019association, Madame Fanny Petitjean Contact:&nbsp;afocg01@interafocg.org 04 74 22 69 04 H\u00e9bergeur:&nbsp;OVH&nbsp;\u2013 2 Rue Kellermann, 59100\u2026","_links":{"self":[{"href":"https:\/\/afocg01.fr\/index.php\/wp-json\/wp\/v2\/pages\/28758","targetHints":{"allow":["GET"]}}],"collection":[{"href":"https:\/\/afocg01.fr\/index.php\/wp-json\/wp\/v2\/pages"}],"about":[{"href":"https:\/\/afocg01.fr\/index.php\/wp-json\/wp\/v2\/types\/page"}],"author":[{"embeddable":true,"href":"https:\/\/afocg01.fr\/index.php\/wp-json\/wp\/v2\/users\/1"}],"replies":[{"embeddable":true,"href":"https:\/\/afocg01.fr\/index.php\/wp-json\/wp\/v2\/comments?post=28758"}],"version-history":[{"count":5,"href":"https:\/\/afocg01.fr\/index.php\/wp-json\/wp\/v2\/pages\/28758\/revisions"}],"predecessor-version":[{"id":28764,"href":"https:\/\/afocg01.fr\/index.php\/wp-json\/wp\/v2\/pages\/28758\/revisions\/28764"}],"wp:attachment":[{"href":"https:\/\/afocg01.fr\/index.php\/wp-json\/wp\/v2\/media?parent=28758"}],"curies":[{"name":"wp","href":"https:\/\/api.w.org\/{rel}","templated":true}]}}